{"id":3970,"date":"2017-11-30T15:16:19","date_gmt":"2017-11-30T14:16:19","guid":{"rendered":"https:\/\/tulipinndusarena.com\/startseite\/"},"modified":"2025-11-11T13:51:39","modified_gmt":"2025-11-11T12:51:39","slug":"startseite","status":"publish","type":"page","link":"https:\/\/tulipinndusarena.com\/en\/","title":{"rendered":"Startseite"},"content":{"rendered":"<div id='layer_slider_1'  class='avia-layerslider main_color avia-shadow  avia-builder-el-0  el_before_av_heading  avia-builder-el-first  container_wrap sidebar_right'  style='height: 721px; max-width: 1920px; margin: 0 auto;'  ><\/div><div id='after_layer_slider_1'  class='main_color av_default_container_wrap container_wrap sidebar_right'  ><div class='container av-section-cont-open' ><div class='template-page content  av-content-small alpha units'><div class='post-entry post-entry-type-page post-entry-3970'><div class='entry-content-wrapper clearfix'>\n\n<style type=\"text\/css\" data-created_by=\"avia_inline_auto\" id=\"style-css-av-l95aty6u-d3e4561a04e05ce2c127112284fcc99a\">\n#top .av-special-heading.av-l95aty6u-d3e4561a04e05ce2c127112284fcc99a{\npadding-bottom:10px;\n}\nbody .av-special-heading.av-l95aty6u-d3e4561a04e05ce2c127112284fcc99a .av-special-heading-tag .heading-char{\nfont-size:25px;\n}\n.av-special-heading.av-l95aty6u-d3e4561a04e05ce2c127112284fcc99a .av-subheading{\nfont-size:15px;\n}\n<\/style>\n<div  class='av-special-heading av-l95aty6u-d3e4561a04e05ce2c127112284fcc99a av-special-heading-h1 blockquote modern-quote  avia-builder-el-1  el_after_av_layerslider  el_before_av_one_full  avia-builder-el-first '><h1 class='av-special-heading-tag '  itemprop=\"headline\"  >HOTEL in the STADIUM &#8211; Business l Conference l Sport<\/h1><div class=\"special-heading-border\"><div class=\"special-heading-inner-border\"><\/div><\/div><\/div>\n<div  class='flex_column av-av_one_full-a2cef933b0a555f25d1e39b22a8e9dae av_one_full  avia-builder-el-2  el_after_av_heading  el_before_av_three_fourth  first flex_column_div  '     ><\/div>\n\n<style type=\"text\/css\" data-created_by=\"avia_inline_auto\" id=\"style-css-av-97c0-656493a75af313da01a5196b2f9265b6\">\n.flex_column.av-97c0-656493a75af313da01a5196b2f9265b6{\nborder-radius:0px 0px 0px 0px;\npadding:0px 0px 0px 0px;\n}\n<\/style>\n<div  class='flex_column av-97c0-656493a75af313da01a5196b2f9265b6 av_three_fourth  avia-builder-el-3  el_after_av_one_full  el_before_av_hr  first flex_column_div av-zero-column-padding  column-top-margin'     ><section  class='av_textblock_section av-jl7ybmha-5f4e960377a595c7f9ad9b6621352e84 '   itemscope=\"itemscope\" itemtype=\"https:\/\/schema.org\/CreativeWork\" ><div class='avia_textblock'  itemprop=\"text\" ><h2><strong>Your home game in the Arena D\u00fcsseldorf!<\/strong><\/h2>\n<p>Welcome to the <strong>TULIP INN Hotel in the Arena D\u00fcsseldorf<\/strong> &#8211; where hospitality meets goosebumps-moments! Here you are not just a spectator, but right in the middle of the game. Whether you&#8217;re hunting for points as a trade fair guest, celebrating your next victory as an athlete or experiencing great moments as an event visitor &#8211; we are your perfect matchmaker!<\/p>\n<p>Our team is highly motivated every day to inspire over 80.000 international guests every year. Full passion, full commitment &#8211; for your perfect experience!<\/p>\n<h2><strong>10 hits for your stay<\/strong><\/h2>\n<ul>\n<li><strong>breakfast &amp; lunch with a view into the stadium<\/strong> &#8211; start the day like a champion<\/li>\n<li><strong>event locations with direct access to the pitch<\/strong> &#8211; goosebumps guaranteed<\/li>\n<li><strong>stadium terrace<\/strong> &#8211; chill out, cheer, capture memories<\/li>\n<li><strong>#LiveCooking concept<\/strong> &#8211; freshly prepared, straight to your plate<\/li>\n<li><strong>team incentives in the stadium area<\/strong>\u00a0&#8211; perfect conditions for team players<\/li>\n<li><strong>stadium BBQ &amp; after-match parties<\/strong> &#8211; party like the pros<\/li>\n<li><strong>car-accessible event rooms<\/strong> &#8211; for spectacular productions<\/li>\n<li><strong>Backstage BAR &amp; DELIS Bistro<\/strong> &#8211; your retreat after the game<\/li>\n<li><strong>sustainability in all areas<\/strong> &#8211; because fair play counts<\/li>\n<li><strong>hospitality out of passion<\/strong> &#8211; we play for your best experience<\/li>\n<\/ul>\n<h2><strong>Business meets sports &#8211; the perfect match plan<\/strong><\/h2>\n<p>Our fair play promise: Sustainability is more than just a trend for us &#8211; we focus on environmentally friendly concepts in all areas, from regional ingredients to energy-efficient solutions. For a green future &#8211; on and off the pitch!<\/p>\n<p>Check in, pass the ball to us &#8211; we&#8217;ll turn it into an unforgettable experience!<\/p>\n<p>NICOLA STRATMANN<br \/>\nCEO<\/p>\n<\/div><\/section><\/div>\n\n<style type=\"text\/css\" data-created_by=\"avia_inline_auto\" id=\"style-css-av-k42swcbg-1df50d983db6ebb5c0a71ff912571951\">\n#top .hr.hr-invisible.av-k42swcbg-1df50d983db6ebb5c0a71ff912571951{\nheight:30px;\n}\n<\/style>\n<div  class='hr av-k42swcbg-1df50d983db6ebb5c0a71ff912571951 hr-invisible  avia-builder-el-5  el_after_av_three_fourth  el_before_av_heading '><span class='hr-inner '><span class=\"hr-inner-style\"><\/span><\/span><\/div>\n\n<style type=\"text\/css\" data-created_by=\"avia_inline_auto\" id=\"style-css-av-av_heading-0b220459be541e8ea53487f92c1f7142\">\n#top .av-special-heading.av-av_heading-0b220459be541e8ea53487f92c1f7142{\npadding-bottom:10px;\n}\nbody .av-special-heading.av-av_heading-0b220459be541e8ea53487f92c1f7142 .av-special-heading-tag .heading-char{\nfont-size:25px;\n}\n.av-special-heading.av-av_heading-0b220459be541e8ea53487f92c1f7142 .av-subheading{\nfont-size:15px;\n}\n<\/style>\n<div  class='av-special-heading av-av_heading-0b220459be541e8ea53487f92c1f7142 av-special-heading-h2 blockquote modern-quote  avia-builder-el-6  el_after_av_hr  el_before_av_one_third  av-linked-heading'><h2 class='av-special-heading-tag '  itemprop=\"headline\"  >Business meets Sports<\/h2><div class=\"special-heading-border\"><div class=\"special-heading-inner-border\"><\/div><\/div><\/div>\n<div class='flex_column_table av-65ma-414755d7967ac4c409a41bcaa232f651 sc-av_one_third av-equal-height-column-flextable'>\n<style type=\"text\/css\" data-created_by=\"avia_inline_auto\" id=\"style-css-av-65ma-414755d7967ac4c409a41bcaa232f651\">\n@keyframes av_boxShadowEffect_av-65ma-414755d7967ac4c409a41bcaa232f651-column {\n0%   { box-shadow:  0 0 0 0 rgba(10,10,10,0.2); opacity: 1; }\n100% { box-shadow:  0 0 12px 0 rgba(10,10,10,0.2); opacity: 1; }\n}\n.flex_column.av-65ma-414755d7967ac4c409a41bcaa232f651{\nbox-shadow: 0 0 12px 0 rgba(10,10,10,0.2);\nborder-radius:12px 12px 12px 12px;\npadding:0px 0px 0px 0px;\n}\n<\/style>\n<div  class='flex_column av-65ma-414755d7967ac4c409a41bcaa232f651 av_one_third  avia-builder-el-7  el_after_av_heading  el_before_av_one_third  first flex_column_table_cell av-equal-height-column av-align-top shadow-not-animated av-zero-column-padding avia-link-column av-column-link  '    data-link-column-url=\"https:\/\/tulipinndusarena.com\/en\/meetings-in-the-stadium\/\"   ><a class=\"av-screen-reader-only\" href=https:\/\/tulipinndusarena.com\/en\/meetings-in-the-stadium\/ >Link to: Meetings in the stadium<\/a><p>\n<style type=\"text\/css\" data-created_by=\"avia_inline_auto\" id=\"style-css-av-jmbyeq3u-e6f8ae22810886f72b5ffd8baa0e29d8\">\n.avia-image-container.av-jmbyeq3u-e6f8ae22810886f72b5ffd8baa0e29d8 img.avia_image{\nbox-shadow:none;\n}\n.avia-image-container.av-jmbyeq3u-e6f8ae22810886f72b5ffd8baa0e29d8 .av-image-caption-overlay-center{\ncolor:#ffffff;\n}\n<\/style>\n<div  id=\"radiusimage\"  class='avia-image-container av-jmbyeq3u-e6f8ae22810886f72b5ffd8baa0e29d8 av-styling- av-img-linked avia-align-center  avia-builder-el-8  el_before_av_textblock  avia-builder-el-first '   itemprop=\"image\" itemscope=\"itemscope\" itemtype=\"https:\/\/schema.org\/ImageObject\" ><div class=\"avia-image-container-inner\"><div class=\"avia-image-overlay-wrap\"><a href=\"https:\/\/tulipinndusarena.com\/en\/meetings-in-the-stadium\/\" class='avia_image '  aria-label='Tulip Inn D\u00fcsseldorf Arena Events Stadion'><img decoding=\"async\" fetchpriority=\"high\" class='wp-image-3962 avia-img-lazy-loading-not-3962 avia_image ' src=\"https:\/\/tulipinndusarena.com\/wp-content\/uploads\/2020\/12\/Terrasse-Tagung-Nahaufnahme-1.jpg\" alt='Hotel Tulip Inn D\u00fcsseldorf Arena Events Stadion' title='Tulip Inn D\u00fcsseldorf Arena Events Stadion'  height=\"1020\" width=\"1260\"  itemprop=\"thumbnailUrl\" srcset=\"https:\/\/tulipinndusarena.com\/wp-content\/uploads\/2020\/12\/Terrasse-Tagung-Nahaufnahme-1.jpg 1260w, https:\/\/tulipinndusarena.com\/wp-content\/uploads\/2020\/12\/Terrasse-Tagung-Nahaufnahme-1-1030x834.jpg 1030w, https:\/\/tulipinndusarena.com\/wp-content\/uploads\/2020\/12\/Terrasse-Tagung-Nahaufnahme-1-768x622.jpg 768w, https:\/\/tulipinndusarena.com\/wp-content\/uploads\/2020\/12\/Terrasse-Tagung-Nahaufnahme-1-495x400.jpg 495w, https:\/\/tulipinndusarena.com\/wp-content\/uploads\/2020\/12\/Terrasse-Tagung-Nahaufnahme-1-845x684.jpg 845w, https:\/\/tulipinndusarena.com\/wp-content\/uploads\/2020\/12\/Terrasse-Tagung-Nahaufnahme-1-705x571.jpg 705w\" sizes=\"(max-width: 1260px) 100vw, 1260px\" \/><\/a><\/div><\/div><\/div><br \/>\n<section  id=\"margintext\"  class='av_textblock_section av-jmbyh4gv-ebf406916e5af8ffb51eeecd6bd912a0 '   itemscope=\"itemscope\" itemtype=\"https:\/\/schema.org\/CreativeWork\" ><div class='avia_textblock'  itemprop=\"text\" ><h2>MEETING IN THE STADIUM<\/h2>\n<h2>Always sit in the front row!<\/h2>\n<p>We offer you the sporty and motivated setting for your meetings, conferences, seminars, trainings, presentations &amp; incentives!<\/p>\n<\/div><\/section><\/p><\/div>\n<div class='av-flex-placeholder'><\/div>\n<style type=\"text\/css\" data-created_by=\"avia_inline_auto\" id=\"style-css-av-65ma-9f582ff6c9db08bf95792fce18e9496a\">\n@keyframes av_boxShadowEffect_av-65ma-9f582ff6c9db08bf95792fce18e9496a-column {\n0%   { box-shadow:  0 0 0 0 rgba(10,10,10,0.2); opacity: 1; }\n100% { box-shadow:  0 0 12px 0 rgba(10,10,10,0.2); opacity: 1; }\n}\n.flex_column.av-65ma-9f582ff6c9db08bf95792fce18e9496a{\nbox-shadow: 0 0 12px 0 rgba(10,10,10,0.2);\nborder-radius:12px 12px 12px 12px;\npadding:0px 0px 0px 0px;\n}\n<\/style>\n<div  class='flex_column av-65ma-9f582ff6c9db08bf95792fce18e9496a av_one_third  avia-builder-el-10  el_after_av_one_third  el_before_av_one_third  flex_column_table_cell av-equal-height-column av-align-top shadow-not-animated av-zero-column-padding  '     ><p>\n<style type=\"text\/css\" data-created_by=\"avia_inline_auto\" id=\"style-css-av-jmbyeq3u-43e4e63d8dfb712b5c3c31085f97c837\">\n.avia-image-container.av-jmbyeq3u-43e4e63d8dfb712b5c3c31085f97c837 img.avia_image{\nbox-shadow:none;\n}\n.avia-image-container.av-jmbyeq3u-43e4e63d8dfb712b5c3c31085f97c837 .av-image-caption-overlay-center{\ncolor:#ffffff;\n}\n<\/style>\n<div  id=\"radiusimage\"  class='avia-image-container av-jmbyeq3u-43e4e63d8dfb712b5c3c31085f97c837 av-styling- avia-align-center  avia-builder-el-11  el_before_av_textblock  avia-builder-el-first '   itemprop=\"image\" itemscope=\"itemscope\" itemtype=\"https:\/\/schema.org\/ImageObject\" ><div class=\"avia-image-container-inner\"><div class=\"avia-image-overlay-wrap\"><img decoding=\"async\" fetchpriority=\"high\" class='wp-image-5706 avia-img-lazy-loading-not-5706 avia_image ' src=\"https:\/\/tulipinndusarena.com\/wp-content\/uploads\/2021\/11\/Tulip-Karriere-Bilder-4-948x768.png\" alt='Tulip Inn D\u00fcsseldorf Arena Events Stadion' title='Tulip Karriere Bilder 4'  height=\"768\" width=\"948\"  itemprop=\"thumbnailUrl\" srcset=\"https:\/\/tulipinndusarena.com\/wp-content\/uploads\/2021\/11\/Tulip-Karriere-Bilder-4-948x768.png 948w, https:\/\/tulipinndusarena.com\/wp-content\/uploads\/2021\/11\/Tulip-Karriere-Bilder-4-768x622.png 768w, https:\/\/tulipinndusarena.com\/wp-content\/uploads\/2021\/11\/Tulip-Karriere-Bilder-4-495x400.png 495w, https:\/\/tulipinndusarena.com\/wp-content\/uploads\/2021\/11\/Tulip-Karriere-Bilder-4-845x684.png 845w, https:\/\/tulipinndusarena.com\/wp-content\/uploads\/2021\/11\/Tulip-Karriere-Bilder-4-705x571.png 705w, https:\/\/tulipinndusarena.com\/wp-content\/uploads\/2021\/11\/Tulip-Karriere-Bilder-4.png 1030w\" sizes=\"(max-width: 948px) 100vw, 948px\" \/><\/div><\/div><\/div><br \/>\n<section  id=\"margintext\"  class='av_textblock_section av-jmbyh4gv-431c47fd89fe823be89f2f3f74c9de83 '   itemscope=\"itemscope\" itemtype=\"https:\/\/schema.org\/CreativeWork\" ><div class='avia_textblock'  itemprop=\"text\" ><h2>STADION BBQ<\/h2>\n<h2>Your barbecue event in the stadium<\/h2>\n<p>Are you looking for a hot tip for a social team event or a celebration in a special location?<\/p>\n<p>Bookable from 30 guests!<\/p>\n<\/div><\/section><\/p><\/div>\n<div class='av-flex-placeholder'><\/div>\n<style type=\"text\/css\" data-created_by=\"avia_inline_auto\" id=\"style-css-av-opy-1c9cef568b5653ba5ff47fb25d22e199\">\n@keyframes av_boxShadowEffect_av-opy-1c9cef568b5653ba5ff47fb25d22e199-column {\n0%   { box-shadow:  0 0 0 0 rgba(10,10,10,0.2); opacity: 1; }\n100% { box-shadow:  0 0 12px 0 rgba(10,10,10,0.2); opacity: 1; }\n}\n.flex_column.av-opy-1c9cef568b5653ba5ff47fb25d22e199{\nbox-shadow: 0 0 12px 0 rgba(10,10,10,0.2);\nborder-radius:12px 12px 12px 12px;\npadding:0px 0px 0px 0px;\n}\n<\/style>\n<div  class='flex_column av-opy-1c9cef568b5653ba5ff47fb25d22e199 av_one_third  avia-builder-el-13  el_after_av_one_third  el_before_av_hr  flex_column_table_cell av-equal-height-column av-align-top shadow-not-animated av-zero-column-padding  '     ><p>\n<style type=\"text\/css\" data-created_by=\"avia_inline_auto\" id=\"style-css-av-jmbyemmj-54738ab2a5b16bba4e023abda98e966a\">\n.avia-image-container.av-jmbyemmj-54738ab2a5b16bba4e023abda98e966a img.avia_image{\nbox-shadow:none;\n}\n.avia-image-container.av-jmbyemmj-54738ab2a5b16bba4e023abda98e966a .av-image-caption-overlay-center{\ncolor:#ffffff;\n}\n<\/style>\n<div  id=\"radiusimage\"  class='avia-image-container av-jmbyemmj-54738ab2a5b16bba4e023abda98e966a av-styling- avia-align-center  avia-builder-el-14  el_before_av_textblock  avia-builder-el-first '   itemprop=\"image\" itemscope=\"itemscope\" itemtype=\"https:\/\/schema.org\/ImageObject\" ><div class=\"avia-image-container-inner\"><div class=\"avia-image-overlay-wrap\"><img decoding=\"async\" fetchpriority=\"high\" class='wp-image- avia-img-lazy-loading-not- avia_image ' src=\"https:\/\/tulipinndusarena.com\/wp-content\/uploads\/2020\/07\/Lazy-Breakfast-1-e1594823378121.png\" alt='' title=''   itemprop=\"thumbnailUrl\"  \/><\/div><\/div><\/div><br \/>\n<section  id=\"margintext\"  class='av_textblock_section av-jmbygb87-3e425d00257335bd967f69cc08d9dc5d '   itemscope=\"itemscope\" itemtype=\"https:\/\/schema.org\/CreativeWork\" ><div class='avia_textblock'  itemprop=\"text\" ><h2>BREAKFAST in the STADIUM<\/h2>\n<h2>Allday Breakfast<\/h2>\n<p>Daily from 09.00-12.00 we arrange a varied breakfast for you, your friends &amp; family!<\/p>\n<p>Bookable from 30 guests!<\/p>\n<\/div><\/section><\/p><\/div><\/div><!--close column table wrapper. Autoclose: 1 -->\n\n<style type=\"text\/css\" data-created_by=\"avia_inline_auto\" id=\"style-css-av-av_hr-a4d3e0c249490e57fdfd9ace4122c853\">\n#top .hr.hr-invisible.av-av_hr-a4d3e0c249490e57fdfd9ace4122c853{\nheight:30px;\n}\n<\/style>\n<div  class='hr av-av_hr-a4d3e0c249490e57fdfd9ace4122c853 hr-invisible  avia-builder-el-16  el_after_av_one_third  el_before_av_one_fourth '><span class='hr-inner '><span class=\"hr-inner-style\"><\/span><\/span><\/div>\n\n<style type=\"text\/css\" data-created_by=\"avia_inline_auto\" id=\"style-css-av-6yl2-d852e1063a0e178e41e5b02605bcb2ee\">\n.flex_column.av-6yl2-d852e1063a0e178e41e5b02605bcb2ee{\nborder-radius:0px 0px 0px 0px;\npadding:0px 0px 0px 0px;\n}\n<\/style>\n<div  class='flex_column av-6yl2-d852e1063a0e178e41e5b02605bcb2ee av_one_fourth  avia-builder-el-17  el_after_av_hr  el_before_av_one_fourth  first flex_column_div av-zero-column-padding  '     ><style type=\"text\/css\" data-created_by=\"avia_inline_auto\" id=\"style-css-av-l95av9js-20bf43c08d016785270d85b6d316eaae\">\n.avia-image-container.av-l95av9js-20bf43c08d016785270d85b6d316eaae img.avia_image{\nbox-shadow:none;\n}\n.avia-image-container.av-l95av9js-20bf43c08d016785270d85b6d316eaae .av-image-caption-overlay-center{\ncolor:#ffffff;\n}\n<\/style>\n<div  class='avia-image-container av-l95av9js-20bf43c08d016785270d85b6d316eaae av-styling- av-img-linked avia-align-center  avia-builder-el-18  avia-builder-el-no-sibling '   itemprop=\"image\" itemscope=\"itemscope\" itemtype=\"https:\/\/schema.org\/ImageObject\" ><div class=\"avia-image-container-inner\"><div class=\"avia-image-overlay-wrap\"><a href=\"https:\/\/tulipinndusarena.com\/wp-content\/uploads\/2025\/06\/GreenSign_Certificate_Tulip-Inn-Hotel-Dusseldorf-Arena.pdf\" class='avia_image '  aria-label='Green sign'><img decoding=\"async\" fetchpriority=\"high\" class='wp-image-9854 avia-img-lazy-loading-not-9854 avia_image ' src=\"https:\/\/tulipinndusarena.com\/wp-content\/uploads\/2025\/03\/Green-sign.png\" alt='Logo von Greensign Hotel mit stilisiertem, dunkelgr\u00fcnem Blatt als Symbol f\u00fcr Nachhaltigkeit und Umweltbewusstsein. Darunter steht der Schriftzug \u201aGreensign Hotel\u2018 in klarer, moderner Schrift.' title='Green sign'  height=\"379\" width=\"569\"  itemprop=\"thumbnailUrl\"  \/><\/a><\/div><\/div><\/div><\/div>\n\n<style type=\"text\/css\" data-created_by=\"avia_inline_auto\" id=\"style-css-av-av_one_fourth-f7c1061df29de8cca6b42fcf455fe4a0\">\n.flex_column.av-av_one_fourth-f7c1061df29de8cca6b42fcf455fe4a0{\nborder-radius:0px 0px 0px 0px;\npadding:0px 0px 0px 0px;\n}\n<\/style>\n<div  class='flex_column av-av_one_fourth-f7c1061df29de8cca6b42fcf455fe4a0 av_one_fourth  avia-builder-el-19  el_after_av_one_fourth  avia-builder-el-last  flex_column_div av-zero-column-padding  '     ><style type=\"text\/css\" data-created_by=\"avia_inline_auto\" id=\"style-css-av-m8bhhi8a-3a584f1c3452e5ce8a03eaff187dc42d\">\n.avia-image-container.av-m8bhhi8a-3a584f1c3452e5ce8a03eaff187dc42d img.avia_image{\nbox-shadow:none;\n}\n.avia-image-container.av-m8bhhi8a-3a584f1c3452e5ce8a03eaff187dc42d .av-image-caption-overlay-center{\ncolor:#ffffff;\n}\n<\/style>\n<div  class='avia-image-container av-m8bhhi8a-3a584f1c3452e5ce8a03eaff187dc42d av-styling- av-img-linked avia-align-center  avia-builder-el-20  avia-builder-el-no-sibling '   itemprop=\"image\" itemscope=\"itemscope\" itemtype=\"https:\/\/schema.org\/ImageObject\" ><div class=\"avia-image-container-inner\"><div class=\"avia-image-overlay-wrap\"><a href=\"\/karriere\/\" class='avia_image '  aria-label='Top Ausbildung'><img decoding=\"async\" fetchpriority=\"high\" class='wp-image-8559 avia-img-lazy-loading-not-8559 avia_image ' src=\"https:\/\/tulipinndusarena.com\/wp-content\/uploads\/2023\/10\/Top-Ausbildung.png\" alt='Logo mit der Aufschrift \u201aTOP Ausbildungsbetrieb DEHOGA\u2018. Links daneben befinden sich vier Icons in quadratischer Anordnung (Kochm\u00fctze, Besteck, Bett und Glas). Um das Logo verl\u00e4uft halbkreisf\u00f6rmig ein stilisiertes Band in den Farben Schwarz, Rot und Gold.' title='Top Ausbildung'  height=\"470\" width=\"692\"  itemprop=\"thumbnailUrl\"  \/><\/a><\/div><\/div><\/div><\/div>\n","protected":false},"excerpt":{"rendered":"","protected":false},"author":2,"featured_media":0,"parent":0,"menu_order":0,"comment_status":"closed","ping_status":"closed","template":"","meta":{"footnotes":""},"class_list":["post-3970","page","type-page","status-publish","hentry"],"_links":{"self":[{"href":"https:\/\/tulipinndusarena.com\/en\/wp-json\/wp\/v2\/pages\/3970","targetHints":{"allow":["GET"]}}],"collection":[{"href":"https:\/\/tulipinndusarena.com\/en\/wp-json\/wp\/v2\/pages"}],"about":[{"href":"https:\/\/tulipinndusarena.com\/en\/wp-json\/wp\/v2\/types\/page"}],"author":[{"embeddable":true,"href":"https:\/\/tulipinndusarena.com\/en\/wp-json\/wp\/v2\/users\/2"}],"replies":[{"embeddable":true,"href":"https:\/\/tulipinndusarena.com\/en\/wp-json\/wp\/v2\/comments?post=3970"}],"version-history":[{"count":0,"href":"https:\/\/tulipinndusarena.com\/en\/wp-json\/wp\/v2\/pages\/3970\/revisions"}],"wp:attachment":[{"href":"https:\/\/tulipinndusarena.com\/en\/wp-json\/wp\/v2\/media?parent=3970"}],"curies":[{"name":"wp","href":"https:\/\/api.w.org\/{rel}","templated":true}]}}