{"id":4259,"date":"2021-01-20T18:04:42","date_gmt":"2021-01-20T17:04:42","guid":{"rendered":"https:\/\/tulipinndusarena.com\/contact\/"},"modified":"2026-03-30T08:50:18","modified_gmt":"2026-03-30T06:50:18","slug":"contact","status":"publish","type":"page","link":"https:\/\/tulipinndusarena.com\/en\/contact\/","title":{"rendered":"Contact"},"content":{"rendered":"\n<style type=\"text\/css\" data-created_by=\"avia_inline_auto\" id=\"style-css-av-fvh7-6f96993b41cc748b33dc9b854f4d4a86\">\n.flex_column.av-fvh7-6f96993b41cc748b33dc9b854f4d4a86{\nborder-radius:0px 0px 0px 0px;\npadding:0px 0px 0px 0px;\n}\n<\/style>\n<div  class='flex_column av-fvh7-6f96993b41cc748b33dc9b854f4d4a86 av_one_full  avia-builder-el-0  el_before_av_three_fourth  avia-builder-el-first  first flex_column_div av-zero-column-padding  '     ><style type=\"text\/css\" data-created_by=\"avia_inline_auto\" id=\"style-css-av-3pft3-aa3960a52186c16221d8e1e101a4dc46\">\n#top .av-special-heading.av-3pft3-aa3960a52186c16221d8e1e101a4dc46{\npadding-bottom:10px;\n}\nbody .av-special-heading.av-3pft3-aa3960a52186c16221d8e1e101a4dc46 .av-special-heading-tag .heading-char{\nfont-size:25px;\n}\n.av-special-heading.av-3pft3-aa3960a52186c16221d8e1e101a4dc46 .av-subheading{\nfont-size:15px;\n}\n<\/style>\n<div  class='av-special-heading av-3pft3-aa3960a52186c16221d8e1e101a4dc46 av-special-heading-h1 blockquote modern-quote  avia-builder-el-1  avia-builder-el-no-sibling '><h1 class='av-special-heading-tag '  itemprop=\"headline\"  >Contact<\/h1><div class=\"special-heading-border\"><div class=\"special-heading-inner-border\"><\/div><\/div><\/div><\/div>\n\n<style type=\"text\/css\" data-created_by=\"avia_inline_auto\" id=\"style-css-av-bzw7-0d2e65e6e72b321066fe521bb87ad5a9\">\n.flex_column.av-bzw7-0d2e65e6e72b321066fe521bb87ad5a9{\nborder-radius:0px 0px 0px 0px;\npadding:0px 0px 0px 0px;\n}\n<\/style>\n<div  class='flex_column av-bzw7-0d2e65e6e72b321066fe521bb87ad5a9 av_three_fourth  avia-builder-el-2  el_after_av_one_full  el_before_av_one_fourth  first flex_column_div av-zero-column-padding  column-top-margin'     ><p><form action=\"https:\/\/tulipinndusarena.com\/en\/contact\/\" method=\"post\" data-fields-with-error=\"Found errors in the following field(s):\" class=\"avia_ajax_form av-form-labels-visible   avia-builder-el-3  el_before_av_hr  avia-builder-el-first   \" data-avia-form-id=\"1\" data-avia-redirect='https:\/\/tulipinndusarena.com\/en\/conference-events\/' ><h3 class=''>Send us an e-mail<\/h3><fieldset><p class='  first_form  form_element form_element_half' id='element_avia_1_1'><label for=\"avia_1_1\">Name <abbr class=\"required\" title=\"required\">*<\/abbr><\/label> <input name=\"avia_1_1\" class=\"text_input is_empty\" type=\"text\" id=\"avia_1_1\" value=\"\" \/><\/p><p class='  form_element form_element_half' id='element_avia_2_1'><label for=\"avia_2_1\">Mail <abbr class=\"required\" title=\"required\">*<\/abbr><\/label> <input name=\"avia_2_1\" class=\"text_input is_email\" type=\"text\" id=\"avia_2_1\" value=\"\" \/><\/p><p class='  first_form  form_element form_fullwidth' id='element_avia_3_1'><label for=\"avia_3_1\" class=\"textare_label hidden textare_label_avia_3_1\">Message <abbr class=\"required\" title=\"required\">*<\/abbr><\/label><textarea  name=\"avia_3_1\" class=\"text_area is_empty\" cols=\"40\" rows=\"7\" id=\"avia_3_1\" ><\/textarea><\/p><p class=\"hidden\"><input type=\"text\" name=\"avia_4_1\" class=\"hidden \" id=\"avia_4_1\" value=\"\" \/><\/p><p class=' av_form_privacy_check av_contact_privacy_check first_form  form_element form_fullwidth' id='element_avia_5_1'><input  name=\"avia_5_1\" class=\"input_checkbox is_empty\" type=\"checkbox\" id=\"avia_5_1\" value=\"true\"\/><label class=\"input_checkbox_label\" for=\"avia_5_1\">Ich akzeptiere die Bedingungen der <a href='https:\/\/tulipinndusarena.com\/datenschutzerklaerung\/' target='_blank'>Datenschutzerkl\u00e4rung<\/a>. <abbr class=\"required\" title=\"required\">*<\/abbr><\/label><\/p><p class=\"form_element \"><input type=\"hidden\" value=\"1\" name=\"avia_generated_form1\" \/><input type=\"submit\" value=\"Send\" class=\"button\"  data-sending-label=\"Sending\"\/><\/p><\/fieldset><\/form><div id=\"ajaxresponse_1\" class=\"ajaxresponse ajaxresponse_1 hidden\"><\/div><br \/>\n<div  class='hr av-10iub-bc63f58949b52a38d972ec9e436d7cf9 hr-default  avia-builder-el-4  el_after_av_contact  el_before_av_heading '><span class='hr-inner '><span class=\"hr-inner-style\"><\/span><\/span><\/div><br \/>\n\n<style type=\"text\/css\" data-created_by=\"avia_inline_auto\" id=\"style-css-av-km0leogd-be01688c0da44520ec3105ea13e6886c\">\n#top .av-special-heading.av-km0leogd-be01688c0da44520ec3105ea13e6886c{\npadding-bottom:10px;\n}\nbody .av-special-heading.av-km0leogd-be01688c0da44520ec3105ea13e6886c .av-special-heading-tag .heading-char{\nfont-size:25px;\n}\n.av-special-heading.av-km0leogd-be01688c0da44520ec3105ea13e6886c .av-subheading{\nfont-size:15px;\n}\n<\/style>\n<div  class='av-special-heading av-km0leogd-be01688c0da44520ec3105ea13e6886c av-special-heading-h2  avia-builder-el-5  el_after_av_hr  avia-builder-el-last  av-linked-heading'><h2 class='av-special-heading-tag '  itemprop=\"headline\"  >Hotel location<\/h2><div class=\"special-heading-border\"><div class=\"special-heading-inner-border\"><\/div><\/div><\/div><\/p><\/div>\n\n<style type=\"text\/css\" data-created_by=\"avia_inline_auto\" id=\"style-css-av-xh9v-dd9c351c664476687ed3c6901442fa13\">\n.flex_column.av-xh9v-dd9c351c664476687ed3c6901442fa13{\nborder-radius:0px 0px 0px 0px;\npadding:0px 0px 0px 0px;\n}\n<\/style>\n<div  class='flex_column av-xh9v-dd9c351c664476687ed3c6901442fa13 av_one_fourth  avia-builder-el-6  el_after_av_three_fourth  el_before_av_image  flex_column_div av-zero-column-padding  column-top-margin'     ><p><section  class='av_textblock_section av-jl7wofh9-b8961200997a9198b5170492479e7d57 '   itemscope=\"itemscope\" itemtype=\"https:\/\/schema.org\/CreativeWork\" ><div class='avia_textblock'  itemprop=\"text\" ><p><strong>Tulip Inn D\u00fcsseldorf Arena<\/strong><\/p>\n<p>Arena Strasse 3<br \/>\nD-40474 D\u00fcsseldorf<\/p>\n<p>Tel:\u00a0<a href=\"tel:+49211302750\" target=\"_blank\" rel=\"noopener\">+49 (0) 211-30 275 0<\/a><\/p>\n<p><a href=\"mailto:info@tulipinnduesseldorfarena.com\">info@tulipinnduesseldorfarena.com<\/a><\/p>\n<\/div><\/section><br \/>\n<section  class='av_textblock_section av-jl7wofh9-b8961200997a9198b5170492479e7d57 '   itemscope=\"itemscope\" itemtype=\"https:\/\/schema.org\/CreativeWork\" ><div class='avia_textblock'  itemprop=\"text\" ><p><a href=\"https:\/\/www.google.de\/maps\/dir\/&#039;&#039;\/google+maps+tulip+inn+d%C3%BCsseldorf\/@51.2609436,6.6640339,12z\/data=!4m8!4m7!1m0!1m5!1m1!1s0x47b8b63fa4c3f599:0xb6e213436d9a6a4b!2m2!1d6.7340735!2d51.2609645\" target=\"_blank\" rel=\"noopener\">ROUTE MAP<\/a><\/p>\n<\/div><\/section><br \/>\n\n<style type=\"text\/css\" data-created_by=\"avia_inline_auto\" id=\"style-css-av-lia8qgbj-6061efb8900fd32761c82093d8e7c974\">\n.avia-image-container.av-lia8qgbj-6061efb8900fd32761c82093d8e7c974 img.avia_image{\nbox-shadow:none;\n}\n.avia-image-container.av-lia8qgbj-6061efb8900fd32761c82093d8e7c974 .av-image-caption-overlay-center{\ncolor:#ffffff;\n}\n<\/style>\n<div  class='avia-image-container av-lia8qgbj-6061efb8900fd32761c82093d8e7c974 av-styling- av-img-linked avia-align-center  avia-builder-el-9  el_after_av_textblock  avia-builder-el-last '   itemprop=\"image\" itemscope=\"itemscope\" itemtype=\"https:\/\/schema.org\/ImageObject\" ><div class=\"avia-image-container-inner\"><div class=\"avia-image-overlay-wrap\"><a href=\"https:\/\/www.veranstaltungsticket-bahn.de\/?event=2974&amp;language=en\" class=\"avia_image \" aria-label=\"Banner_DB_Top250_SuperBanner_728x90px_M1\" target=\"_blank\" rel=\"noopener\"><img decoding=\"async\" fetchpriority=\"high\" class='wp-image-8083 avia-img-lazy-loading-not-8083 avia_image ' src=\"https:\/\/tulipinndusarena.com\/wp-content\/uploads\/2023\/05\/Banner_DB_Top250_SuperBanner_728x90px_M1.jpg\" alt='Banner mit dem Logo \u201aTOP 250 Germany\u2018 links, dem Text \u201aG\u00fcnstig und umweltbewusst \u2013 hier Tickets buchen!\u2018 in der Mitte und dem Logo der Deutschen Bahn rechts, auf gr\u00fcnem Hintergrund.' title='Banner_DB_Top250_SuperBanner_728x90px_M1'  height=\"90\" width=\"728\"  itemprop=\"thumbnailUrl\" srcset=\"https:\/\/tulipinndusarena.com\/wp-content\/uploads\/2023\/05\/Banner_DB_Top250_SuperBanner_728x90px_M1.jpg 728w, https:\/\/tulipinndusarena.com\/wp-content\/uploads\/2023\/05\/Banner_DB_Top250_SuperBanner_728x90px_M1-705x87.jpg 705w\" sizes=\"(max-width: 728px) 100vw, 728px\" \/><\/a><\/div><\/div><\/div><\/p><\/div>\n\n<style type=\"text\/css\" data-created_by=\"avia_inline_auto\" id=\"style-css-av-llgm16rs-16f7397a0d6019062e8ac1d1d810f708\">\n.avia-image-container.av-llgm16rs-16f7397a0d6019062e8ac1d1d810f708 img.avia_image{\nbox-shadow:none;\n}\n.avia-image-container.av-llgm16rs-16f7397a0d6019062e8ac1d1d810f708 .av-image-caption-overlay-center{\ncolor:#ffffff;\n}\n<\/style>\n<div  class='avia-image-container av-llgm16rs-16f7397a0d6019062e8ac1d1d810f708 av-styling- avia-align-center  avia-builder-el-10  el_after_av_one_fourth  el_before_av_one_half '   itemprop=\"image\" itemscope=\"itemscope\" itemtype=\"https:\/\/schema.org\/ImageObject\" ><div class=\"avia-image-container-inner\"><div class=\"avia-image-overlay-wrap\"><img decoding=\"async\" fetchpriority=\"high\" class='wp-image-8208 avia-img-lazy-loading-not-8208 avia_image ' src=\"https:\/\/tulipinndusarena.com\/wp-content\/uploads\/2023\/07\/Einfahrt-HOTELGARAGE-1024x580.png\" alt='Tulip Inn Hotel Einfahrt Hotelgarage' title='Einfahrt HOTELGARAGE'  height=\"580\" width=\"1024\"  itemprop=\"thumbnailUrl\" srcset=\"https:\/\/tulipinndusarena.com\/wp-content\/uploads\/2023\/07\/Einfahrt-HOTELGARAGE-1024x580.png 1024w, https:\/\/tulipinndusarena.com\/wp-content\/uploads\/2023\/07\/Einfahrt-HOTELGARAGE-1030x584.png 1030w, https:\/\/tulipinndusarena.com\/wp-content\/uploads\/2023\/07\/Einfahrt-HOTELGARAGE-768x435.png 768w, https:\/\/tulipinndusarena.com\/wp-content\/uploads\/2023\/07\/Einfahrt-HOTELGARAGE-705x399.png 705w, https:\/\/tulipinndusarena.com\/wp-content\/uploads\/2023\/07\/Einfahrt-HOTELGARAGE.png 1089w\" sizes=\"(max-width: 1024px) 100vw, 1024px\" \/><\/div><\/div><\/div>\n<div  class='flex_column av-av_one_half-d846867a37b468541bc8830743d44203 av_one_half  avia-builder-el-11  el_after_av_image  el_before_av_one_half  first flex_column_div  '     ><style type=\"text\/css\" data-created_by=\"avia_inline_auto\" id=\"style-css-av-juwg4a3q-0c6a6e5baabbf6e0850eb50337ba6275\">\n.avia-image-container.av-juwg4a3q-0c6a6e5baabbf6e0850eb50337ba6275 img.avia_image{\nbox-shadow:none;\n}\n.avia-image-container.av-juwg4a3q-0c6a6e5baabbf6e0850eb50337ba6275 .av-image-caption-overlay-center{\ncolor:#ffffff;\n}\n<\/style>\n<div  class='avia-image-container av-juwg4a3q-0c6a6e5baabbf6e0850eb50337ba6275 av-styling- avia-align-left  avia-builder-el-12  avia-builder-el-no-sibling '   itemprop=\"image\" itemscope=\"itemscope\" itemtype=\"https:\/\/schema.org\/ImageObject\" ><div class=\"avia-image-container-inner\"><div class=\"avia-image-overlay-wrap\"><img decoding=\"async\" fetchpriority=\"high\" class='wp-image-4557 avia-img-lazy-loading-not-4557 avia_image ' src=\"https:\/\/tulipinndusarena.com\/wp-content\/uploads\/2021\/03\/MAP_1-e1614689952540.png\" alt='Lageplan rund um die Merkur Spiel-Arena mit Metrostation U78 \u201aMesse Nord\u2018, den Messehallen 5, 6, 7a, 7.0-2, 8a, 8b und 9 sowie dem Tulip Inn Hotel D\u00fcsseldorf Arena. Der Haupteingang ist mit einem Tulip-Inn-Logo und dem Wort \u201aEingang\u2018 markiert.' title='MAP_1'  height=\"768\" width=\"689\"  itemprop=\"thumbnailUrl\"  \/><\/div><\/div><\/div><\/div>\n<div  class='flex_column av-av_one_half-337486787960716147ecfb4074cb91c6 av_one_half  avia-builder-el-13  el_after_av_one_half  avia-builder-el-last  flex_column_div  '     ><style type=\"text\/css\" data-created_by=\"avia_inline_auto\" id=\"style-css-av-kvwlzagm-5e4282ce25c8f836efe2cf963e11270e\">\n.avia-image-container.av-kvwlzagm-5e4282ce25c8f836efe2cf963e11270e img.avia_image{\nbox-shadow:none;\n}\n.avia-image-container.av-kvwlzagm-5e4282ce25c8f836efe2cf963e11270e .av-image-caption-overlay-center{\ncolor:#ffffff;\n}\n<\/style>\n<div  class='avia-image-container av-kvwlzagm-5e4282ce25c8f836efe2cf963e11270e av-styling- avia-align-right  avia-builder-el-14  avia-builder-el-no-sibling '   itemprop=\"image\" itemscope=\"itemscope\" itemtype=\"https:\/\/schema.org\/ImageObject\" ><div class=\"avia-image-container-inner\"><div class=\"avia-image-overlay-wrap\"><img decoding=\"async\" fetchpriority=\"high\" class='wp-image-5657 avia-img-lazy-loading-not-5657 avia_image ' src=\"https:\/\/tulipinndusarena.com\/wp-content\/uploads\/2021\/11\/oepnv-anfahrtsplan-ccd._bearbeiten-540x768.jpg\" alt='\u00dcbersichtskarte der Verkehrsanbindung zur MERKUR SPIEL-ARENA und Messe D\u00fcsseldorf. Dargestellt sind U-Bahn-, Bus-, S-Bahn- und Zugverbindungen sowie Stationen, Umsteigem\u00f6glichkeiten und wichtige Orte wie der Flughafen D\u00fcsseldorf, der Hauptbahnhof und das Tulip Inn Hotel.' title='oepnv-anfahrtsplan-ccd._bearbeiten'  height=\"768\" width=\"540\"  itemprop=\"thumbnailUrl\" srcset=\"https:\/\/tulipinndusarena.com\/wp-content\/uploads\/2021\/11\/oepnv-anfahrtsplan-ccd._bearbeiten-540x768.jpg 540w, https:\/\/tulipinndusarena.com\/wp-content\/uploads\/2021\/11\/oepnv-anfahrtsplan-ccd._bearbeiten-759x1080.jpg 759w, https:\/\/tulipinndusarena.com\/wp-content\/uploads\/2021\/11\/oepnv-anfahrtsplan-ccd._bearbeiten-768x1093.jpg 768w, https:\/\/tulipinndusarena.com\/wp-content\/uploads\/2021\/11\/oepnv-anfahrtsplan-ccd._bearbeiten-1079x1536.jpg 1079w, https:\/\/tulipinndusarena.com\/wp-content\/uploads\/2021\/11\/oepnv-anfahrtsplan-ccd._bearbeiten-1439x2048.jpg 1439w, https:\/\/tulipinndusarena.com\/wp-content\/uploads\/2021\/11\/oepnv-anfahrtsplan-ccd._bearbeiten-1054x1500.jpg 1054w, https:\/\/tulipinndusarena.com\/wp-content\/uploads\/2021\/11\/oepnv-anfahrtsplan-ccd._bearbeiten-495x705.jpg 495w, https:\/\/tulipinndusarena.com\/wp-content\/uploads\/2021\/11\/oepnv-anfahrtsplan-ccd._bearbeiten-scaled.jpg 1798w\" sizes=\"(max-width: 540px) 100vw, 540px\" \/><\/div><\/div><\/div><\/div>\n","protected":false},"excerpt":{"rendered":"","protected":false},"author":2,"featured_media":0,"parent":0,"menu_order":0,"comment_status":"closed","ping_status":"closed","template":"","meta":{"footnotes":""},"class_list":["post-4259","page","type-page","status-publish","hentry"],"_links":{"self":[{"href":"https:\/\/tulipinndusarena.com\/en\/wp-json\/wp\/v2\/pages\/4259","targetHints":{"allow":["GET"]}}],"collection":[{"href":"https:\/\/tulipinndusarena.com\/en\/wp-json\/wp\/v2\/pages"}],"about":[{"href":"https:\/\/tulipinndusarena.com\/en\/wp-json\/wp\/v2\/types\/page"}],"author":[{"embeddable":true,"href":"https:\/\/tulipinndusarena.com\/en\/wp-json\/wp\/v2\/users\/2"}],"replies":[{"embeddable":true,"href":"https:\/\/tulipinndusarena.com\/en\/wp-json\/wp\/v2\/comments?post=4259"}],"version-history":[{"count":1,"href":"https:\/\/tulipinndusarena.com\/en\/wp-json\/wp\/v2\/pages\/4259\/revisions"}],"predecessor-version":[{"id":12788,"href":"https:\/\/tulipinndusarena.com\/en\/wp-json\/wp\/v2\/pages\/4259\/revisions\/12788"}],"wp:attachment":[{"href":"https:\/\/tulipinndusarena.com\/en\/wp-json\/wp\/v2\/media?parent=4259"}],"curies":[{"name":"wp","href":"https:\/\/api.w.org\/{rel}","templated":true}]}}