{"id":4606,"date":"2021-03-08T13:53:39","date_gmt":"2021-03-08T12:53:39","guid":{"rendered":"https:\/\/tulipinndusarena.com\/meetings-in-the-stadium\/"},"modified":"2025-07-14T09:56:39","modified_gmt":"2025-07-14T07:56:39","slug":"meetings-in-the-stadium","status":"publish","type":"page","link":"https:\/\/tulipinndusarena.com\/en\/meetings-in-the-stadium\/","title":{"rendered":"Meetings in the stadium"},"content":{"rendered":"\n<style type=\"text\/css\" data-created_by=\"avia_inline_auto\" id=\"style-css-av-2kzzaj-4d143a001e330474d1dfbe0379a7eb1e\">\n#top .av-special-heading.av-2kzzaj-4d143a001e330474d1dfbe0379a7eb1e{\npadding-bottom:10px;\n}\nbody .av-special-heading.av-2kzzaj-4d143a001e330474d1dfbe0379a7eb1e .av-special-heading-tag .heading-char{\nfont-size:25px;\n}\n.av-special-heading.av-2kzzaj-4d143a001e330474d1dfbe0379a7eb1e .av-subheading{\nfont-size:15px;\n}\n<\/style>\n<div  class='av-special-heading av-2kzzaj-4d143a001e330474d1dfbe0379a7eb1e av-special-heading-h1 blockquote modern-quote  avia-builder-el-0  el_before_av_textblock  avia-builder-el-first  av-linked-heading'><h1 class='av-special-heading-tag '  itemprop=\"headline\"  >Sustainable Meetings in the stadium<\/h1><div class=\"special-heading-border\"><div class=\"special-heading-inner-border\"><\/div><\/div><\/div>\n<section  class='av_textblock_section av-md2syh2o-cefb9383ceb4ec0084f552fcb572dfdb '   itemscope=\"itemscope\" itemtype=\"https:\/\/schema.org\/CreativeWork\" ><div class='avia_textblock'  itemprop=\"text\" ><h2>Extraordinary meeting and event possibilities<\/h2>\n<\/div><\/section>\n<section  class='av_textblock_section av-jmbv1ncy-8f92a0a4ce804fcbf39e9b9ad9ed6d14 '   itemscope=\"itemscope\" itemtype=\"https:\/\/schema.org\/CreativeWork\" ><div class='avia_textblock'  itemprop=\"text\" ><p>Whether it&#8217;s a conference, workshop or corporate event &#8211; our modern event boxes with a direct view of the stadium create an inspiring atmosphere for successful meetings and creative ideas. We rely on environmentally friendly concepts for sustainable meetings.<\/p>\n<\/div><\/section>\n\n<style type=\"text\/css\" data-created_by=\"avia_inline_auto\" id=\"style-css-av-1hhqkj-750e34bb862cf48e8124b8c3628f82e6\">\n.flex_column.av-1hhqkj-750e34bb862cf48e8124b8c3628f82e6{\nborder-radius:0px 0px 0px 0px;\npadding:0px 0px 0px 0px;\n}\n<\/style>\n<div  class='flex_column av-1hhqkj-750e34bb862cf48e8124b8c3628f82e6 av_one_half  avia-builder-el-3  el_after_av_textblock  el_before_av_one_half  first flex_column_div av-zero-column-padding  column-top-margin'     ><p>\n<style type=\"text\/css\" data-created_by=\"avia_inline_auto\" id=\"style-css-av-jslqqg42-49ecd5d76f9ddea077fcc9d755ed32e8\">\n.avia-image-container.av-jslqqg42-49ecd5d76f9ddea077fcc9d755ed32e8 img.avia_image{\nbox-shadow:none;\n}\n.avia-image-container.av-jslqqg42-49ecd5d76f9ddea077fcc9d755ed32e8 .av-image-caption-overlay-center{\ncolor:#ffffff;\n}\n<\/style>\n<div  class='avia-image-container av-jslqqg42-49ecd5d76f9ddea077fcc9d755ed32e8 av-styling- avia-align-center  avia-builder-el-4  el_before_av_image  avia-builder-el-first '   itemprop=\"image\" itemscope=\"itemscope\" itemtype=\"https:\/\/schema.org\/ImageObject\" ><div class=\"avia-image-container-inner\"><div class=\"avia-image-overlay-wrap\"><img decoding=\"async\" fetchpriority=\"high\" class='wp-image-3886 avia-img-lazy-loading-not-3886 avia_image ' src=\"https:\/\/tulipinndusarena.com\/wp-content\/uploads\/2020\/08\/Loge_Meeten-scaled-e1598288681806.jpg\" alt='Meeting R\u00e4ume in D\u00fcsseldorf Hotel Tulip Inn D\u00fcsseldorf Arena' title='Tagen mit Blick ins Stadion Tulip Inn D\u00fcsseldorf Arena'  height=\"1289\" width=\"1975\"  itemprop=\"thumbnailUrl\" srcset=\"https:\/\/tulipinndusarena.com\/wp-content\/uploads\/2020\/08\/Loge_Meeten-scaled-e1598288681806.jpg 1975w, https:\/\/tulipinndusarena.com\/wp-content\/uploads\/2020\/08\/Loge_Meeten-scaled-e1598288681806-1030x672.jpg 1030w, https:\/\/tulipinndusarena.com\/wp-content\/uploads\/2020\/08\/Loge_Meeten-scaled-e1598288681806-768x501.jpg 768w, https:\/\/tulipinndusarena.com\/wp-content\/uploads\/2020\/08\/Loge_Meeten-scaled-e1598288681806-1536x1002.jpg 1536w, https:\/\/tulipinndusarena.com\/wp-content\/uploads\/2020\/08\/Loge_Meeten-scaled-e1598288681806-1500x979.jpg 1500w, https:\/\/tulipinndusarena.com\/wp-content\/uploads\/2020\/08\/Loge_Meeten-scaled-e1598288681806-705x460.jpg 705w\" sizes=\"(max-width: 1975px) 100vw, 1975px\" \/><\/div><\/div><\/div><br \/>\n\n<style type=\"text\/css\" data-created_by=\"avia_inline_auto\" id=\"style-css-av-jslqqg42-bd1891738f0623d234015af1b6c69830\">\n.avia-image-container.av-jslqqg42-bd1891738f0623d234015af1b6c69830 img.avia_image{\nbox-shadow:none;\n}\n.avia-image-container.av-jslqqg42-bd1891738f0623d234015af1b6c69830 .av-image-caption-overlay-center{\ncolor:#ffffff;\n}\n<\/style>\n<div  class='avia-image-container av-jslqqg42-bd1891738f0623d234015af1b6c69830 av-styling- avia-align-center  avia-builder-el-5  el_after_av_image  avia-builder-el-last '   itemprop=\"image\" itemscope=\"itemscope\" itemtype=\"https:\/\/schema.org\/ImageObject\" ><div class=\"avia-image-container-inner\"><div class=\"avia-image-overlay-wrap\"><img decoding=\"async\" fetchpriority=\"high\" class='wp-image-3946 avia-img-lazy-loading-not-3946 avia_image ' src=\"https:\/\/tulipinndusarena.com\/wp-content\/uploads\/2020\/10\/Terrasse-Tagung-Tafel-lang-scaled.jpg\" alt='Tagen auf der Stadionterrasse Hotel Tulip Inn D\u00fcsseldorf Arena' title='Tagen auf der Stadionterrasse Tulip Inn D\u00fcsseldorf Arena'  height=\"1333\" width=\"2000\"  itemprop=\"thumbnailUrl\" srcset=\"https:\/\/tulipinndusarena.com\/wp-content\/uploads\/2020\/10\/Terrasse-Tagung-Tafel-lang-scaled.jpg 2000w, https:\/\/tulipinndusarena.com\/wp-content\/uploads\/2020\/10\/Terrasse-Tagung-Tafel-lang-1030x687.jpg 1030w, https:\/\/tulipinndusarena.com\/wp-content\/uploads\/2020\/10\/Terrasse-Tagung-Tafel-lang-768x512.jpg 768w, https:\/\/tulipinndusarena.com\/wp-content\/uploads\/2020\/10\/Terrasse-Tagung-Tafel-lang-1536x1024.jpg 1536w, https:\/\/tulipinndusarena.com\/wp-content\/uploads\/2020\/10\/Terrasse-Tagung-Tafel-lang-2048x1365.jpg 2048w, https:\/\/tulipinndusarena.com\/wp-content\/uploads\/2020\/10\/Terrasse-Tagung-Tafel-lang-1500x1000.jpg 1500w, https:\/\/tulipinndusarena.com\/wp-content\/uploads\/2020\/10\/Terrasse-Tagung-Tafel-lang-705x470.jpg 705w\" sizes=\"(max-width: 2000px) 100vw, 2000px\" \/><\/div><\/div><\/div><\/p><\/div>\n\n<style type=\"text\/css\" data-created_by=\"avia_inline_auto\" id=\"style-css-av-19jhsb-50e622e6616d9131f87ff8fd2ce8afdd\">\n.flex_column.av-19jhsb-50e622e6616d9131f87ff8fd2ce8afdd{\nborder-radius:0px 0px 0px 0px;\npadding:0px 0px 0px 0px;\n}\n<\/style>\n<div  class='flex_column av-19jhsb-50e622e6616d9131f87ff8fd2ce8afdd av_one_half  avia-builder-el-6  el_after_av_one_half  el_before_av_hr  flex_column_div av-zero-column-padding  column-top-margin'     ><p>\n<style type=\"text\/css\" data-created_by=\"avia_inline_auto\" id=\"style-css-av-jmbv4oj8-5f5f89746618db3f3ef4be3aef1af612\">\n#top .avia-icon-list-container.av-jmbv4oj8-5f5f89746618db3f3ef4be3aef1af612 .iconlist_icon{\ncolor:#000000;\nbackground-color:#ffffff;\n}\n#top .avia-icon-list-container.av-jmbv4oj8-5f5f89746618db3f3ef4be3aef1af612 .iconlist_icon svg:first-child{\nstroke:#000000;\nfill:#000000;\n}\n#top #wrap_all .avia-icon-list-container.av-jmbv4oj8-5f5f89746618db3f3ef4be3aef1af612 .av_iconlist_title{\nfont-size:17px;\n}\n.avia-icon-list-container.av-jmbv4oj8-5f5f89746618db3f3ef4be3aef1af612 .iconlist_content{\nfont-size:17px;\n}\n<\/style>\n<div  class='avia-icon-list-container av-jmbv4oj8-5f5f89746618db3f3ef4be3aef1af612  avia-builder-el-7  el_before_av_textblock  avia-builder-el-first '><ul class='avia-icon-list avia_animate_when_almost_visible avia-icon-list-left av-iconlist-big av-jmbv4oj8-5f5f89746618db3f3ef4be3aef1af612 avia-iconlist-animate'>\n<li><div class='iconlist_icon av-iect3f-a1ba8b4d385ff38125de0e8870b47cdd avia-font-tulip-fontello avia-iconfont avia-font-tulip-fontello'><span class='av-icon-char' data-av_icon='\ue800' data-av_iconfont='tulip-fontello' aria-hidden=\"true\"><\/span><\/div><article class=\"article-icon-entry av-iconlist-empty\"  itemscope=\"itemscope\" itemtype=\"https:\/\/schema.org\/CreativeWork\" ><div class=\"iconlist_content_wrap\"><header class=\"entry-content-header\" aria-label=\"Icon: Event area\"><h3 class='av_iconlist_title iconlist_title  '  itemprop=\"headline\" >Event area<\/h3><\/header><div class='iconlist_content '  itemprop=\"text\" ><\/div><\/div><footer class=\"entry-footer\"><\/footer><\/article><div class=\"iconlist-timeline\"><\/div><\/li>\n<li><div class='iconlist_icon av-h7kduj-e38a8db2d16eb484c64952987e8efaf6 avia-font-tulip-fontello avia-iconfont avia-font-tulip-fontello'><span class='av-icon-char' data-av_icon='\ue800' data-av_iconfont='tulip-fontello' aria-hidden=\"true\"><\/span><\/div><article class=\"article-icon-entry av-iconlist-empty\"  itemscope=\"itemscope\" itemtype=\"https:\/\/schema.org\/CreativeWork\" ><div class=\"iconlist_content_wrap\"><header class=\"entry-content-header\" aria-label=\"Icon: view &amp; access to the arena\"><h4 class='av_iconlist_title iconlist_title  '  itemprop=\"headline\" >view &amp; access to the arena<\/h4><\/header><div class='iconlist_content '  itemprop=\"text\" ><\/div><\/div><footer class=\"entry-footer\"><\/footer><\/article><div class=\"iconlist-timeline\"><\/div><\/li>\n<li><div class='iconlist_icon av-1lrz57-f6d9fbdd76888889e5da540f13327867 avia-font-tulip-fontello avia-iconfont avia-font-tulip-fontello'><span class='av-icon-char' data-av_icon='\ue800' data-av_iconfont='tulip-fontello' aria-hidden=\"true\"><\/span><\/div><article class=\"article-icon-entry av-iconlist-empty\"  itemscope=\"itemscope\" itemtype=\"https:\/\/schema.org\/CreativeWork\" ><div class=\"iconlist_content_wrap\"><header class=\"entry-content-header\" aria-label=\"Icon: Energybreaks\"><h4 class='av_iconlist_title iconlist_title  '  itemprop=\"headline\" >Energybreaks<\/h4><\/header><div class='iconlist_content '  itemprop=\"text\" ><\/div><\/div><footer class=\"entry-footer\"><\/footer><\/article><div class=\"iconlist-timeline\"><\/div><\/li>\n<li><div class='iconlist_icon av-du9yhn-3e5af5b556e0644a8546f3ba05d3840e avia-font-tulip-fontello avia-iconfont avia-font-tulip-fontello'><span class='av-icon-char' data-av_icon='\ue800' data-av_iconfont='tulip-fontello' aria-hidden=\"true\"><\/span><\/div><article class=\"article-icon-entry av-iconlist-empty\"  itemscope=\"itemscope\" itemtype=\"https:\/\/schema.org\/CreativeWork\" ><div class=\"iconlist_content_wrap\"><header class=\"entry-content-header\" aria-label=\"Icon: LunchTime Live Cooking\"><h4 class='av_iconlist_title iconlist_title  '  itemprop=\"headline\" >LunchTime Live Cooking<\/h4><\/header><div class='iconlist_content '  itemprop=\"text\" ><\/div><\/div><footer class=\"entry-footer\"><\/footer><\/article><div class=\"iconlist-timeline\"><\/div><\/li>\n<li><div class='iconlist_icon av-cs1pqj-7c356842a1f439d8ef94ab41c05cd21f avia-font-tulip-fontello avia-iconfont avia-font-tulip-fontello'><span class='av-icon-char' data-av_icon='\ue800' data-av_iconfont='tulip-fontello' aria-hidden=\"true\"><\/span><\/div><article class=\"article-icon-entry av-iconlist-empty\"  itemscope=\"itemscope\" itemtype=\"https:\/\/schema.org\/CreativeWork\" ><div class=\"iconlist_content_wrap\"><header class=\"entry-content-header\" aria-label=\"Icon: Dinner BBQ in the stadium\"><h4 class='av_iconlist_title iconlist_title  '  itemprop=\"headline\" >Dinner BBQ in the stadium<\/h4><\/header><div class='iconlist_content '  itemprop=\"text\" ><\/div><\/div><footer class=\"entry-footer\"><\/footer><\/article><div class=\"iconlist-timeline\"><\/div><\/li>\n<li><div class='iconlist_icon av-11m0vv-d66734e13a561ac2650d0d0ec12ca6a7 avia-font-tulip-fontello avia-iconfont avia-font-tulip-fontello'><span class='av-icon-char' data-av_icon='\ue800' data-av_iconfont='tulip-fontello' aria-hidden=\"true\"><\/span><\/div><article class=\"article-icon-entry av-iconlist-empty\"  itemscope=\"itemscope\" itemtype=\"https:\/\/schema.org\/CreativeWork\" ><div class=\"iconlist_content_wrap\"><header class=\"entry-content-header\" aria-label=\"Icon: Softdrinks\"><h4 class='av_iconlist_title iconlist_title  '  itemprop=\"headline\" >Softdrinks<\/h4><\/header><div class='iconlist_content '  itemprop=\"text\" ><\/div><\/div><footer class=\"entry-footer\"><\/footer><\/article><div class=\"iconlist-timeline\"><\/div><\/li>\n<li><div class='iconlist_icon av-9tnzd7-5226d84875bbfb7c37a093426895c466 avia-font-tulip-fontello avia-iconfont avia-font-tulip-fontello'><span class='av-icon-char' data-av_icon='\ue800' data-av_iconfont='tulip-fontello' aria-hidden=\"true\"><\/span><\/div><article class=\"article-icon-entry av-iconlist-empty\"  itemscope=\"itemscope\" itemtype=\"https:\/\/schema.org\/CreativeWork\" ><div class=\"iconlist_content_wrap\"><header class=\"entry-content-header\" aria-label=\"Icon: LCR screen or beamer, flipchart, pinboard\"><h4 class='av_iconlist_title iconlist_title  '  itemprop=\"headline\" >LCR screen or beamer, flipchart, pinboard<\/h4><\/header><div class='iconlist_content '  itemprop=\"text\" ><\/div><\/div><footer class=\"entry-footer\"><\/footer><\/article><div class=\"iconlist-timeline\"><\/div><\/li>\n<li><div class='iconlist_icon av-3mx2t7-09a831f80963bba096db5d06a9f4d559 avia-font-tulip-fontello avia-iconfont avia-font-tulip-fontello'><span class='av-icon-char' data-av_icon='\ue800' data-av_iconfont='tulip-fontello' aria-hidden=\"true\"><\/span><\/div><article class=\"article-icon-entry av-iconlist-empty\"  itemscope=\"itemscope\" itemtype=\"https:\/\/schema.org\/CreativeWork\" ><div class=\"iconlist_content_wrap\"><header class=\"entry-content-header\" aria-label=\"Icon: Player attendant from hotel\"><h4 class='av_iconlist_title iconlist_title  '  itemprop=\"headline\" >Player attendant from hotel<\/h4><\/header><div class='iconlist_content '  itemprop=\"text\" ><\/div><\/div><footer class=\"entry-footer\"><\/footer><\/article><div class=\"iconlist-timeline\"><\/div><\/li>\n<\/ul><\/div><br \/>\n\n<style type=\"text\/css\" data-created_by=\"avia_inline_auto\" id=\"style-css-av-kiahbkxa-f2638c371d739c23cb6a9e638102ffcf\">\n#top .av_textblock_section.av-kiahbkxa-f2638c371d739c23cb6a9e638102ffcf .avia_textblock{\nfont-size:20px;\n}\n<\/style>\n<section  class='av_textblock_section av-kiahbkxa-f2638c371d739c23cb6a9e638102ffcf '   itemscope=\"itemscope\" itemtype=\"https:\/\/schema.org\/CreativeWork\" ><div class='avia_textblock'  itemprop=\"text\" ><h2>from \u20ac 76,- \u20ac per Person\/Day<\/h2>\n<p>half day I one meal<\/p>\n<\/div><\/section><\/p><\/div>\n<style type=\"text\/css\" data-created_by=\"avia_inline_auto\" id=\"style-css-av-jmbvpmp0-8d7b3ca9061555827e035d8212c6f299\">\n#top .hr.hr-invisible.av-jmbvpmp0-8d7b3ca9061555827e035d8212c6f299{\nheight:15px;\n}\n<\/style>\n<div  class='hr av-jmbvpmp0-8d7b3ca9061555827e035d8212c6f299 hr-invisible  avia-builder-el-9  el_after_av_one_half  el_before_av_one_half '><span class='hr-inner '><span class=\"hr-inner-style\"><\/span><\/span><\/div><\/p>\n\n<style type=\"text\/css\" data-created_by=\"avia_inline_auto\" id=\"style-css-av-f1mmz-28b93642aebb18bca69b0a745c87d8b0\">\n.flex_column.av-f1mmz-28b93642aebb18bca69b0a745c87d8b0{\nborder-radius:0px 0px 0px 0px;\npadding:0px 0px 0px 0px;\n}\n<\/style>\n<div  class='flex_column av-f1mmz-28b93642aebb18bca69b0a745c87d8b0 av_one_half  avia-builder-el-10  el_after_av_hr  el_before_av_one_half  first flex_column_div av-zero-column-padding  '     ><style type=\"text\/css\" data-created_by=\"avia_inline_auto\" id=\"style-css-av-kkr8faip-3882ed5ce99588b3def9dc5a4a59b63e\">\n#top .av-special-heading.av-kkr8faip-3882ed5ce99588b3def9dc5a4a59b63e{\npadding-bottom:10px;\n}\nbody .av-special-heading.av-kkr8faip-3882ed5ce99588b3def9dc5a4a59b63e .av-special-heading-tag .heading-char{\nfont-size:25px;\n}\n.av-special-heading.av-kkr8faip-3882ed5ce99588b3def9dc5a4a59b63e .av-subheading{\nfont-size:15px;\n}\n<\/style>\n<div  class='av-special-heading av-kkr8faip-3882ed5ce99588b3def9dc5a4a59b63e av-special-heading-h2 blockquote modern-quote  avia-builder-el-11  avia-builder-el-no-sibling  av-linked-heading'><h2 class='av-special-heading-tag '  itemprop=\"headline\"  >Send us your request &#8211; we are looking forward to it!<\/h2><div class=\"special-heading-border\"><div class=\"special-heading-inner-border\"><\/div><\/div><\/div><\/div>\n\n<style type=\"text\/css\" data-created_by=\"avia_inline_auto\" id=\"style-css-av-atuwj-a71956cf8e587875ff782a02e171308e\">\n.flex_column.av-atuwj-a71956cf8e587875ff782a02e171308e{\nborder-radius:0px 0px 0px 0px;\npadding:0px 0px 0px 0px;\n}\n<\/style>\n<div  class='flex_column av-atuwj-a71956cf8e587875ff782a02e171308e av_one_half  avia-builder-el-12  el_after_av_one_half  el_before_av_textblock  flex_column_div av-zero-column-padding  '     ><p><div  class='avia-button-wrap av-jmbvlgkb-e4381a6802a09eb21aa8ccde2016e6a2-wrap avia-button-center  avia-builder-el-13  el_before_av_button  avia-builder-el-first '>\n<style type=\"text\/css\" data-created_by=\"avia_inline_auto\" id=\"style-css-av-jmbvlgkb-e4381a6802a09eb21aa8ccde2016e6a2\">\n#top #wrap_all .avia-button.av-jmbvlgkb-e4381a6802a09eb21aa8ccde2016e6a2{\nbackground-color:#e46c0a;\nborder-color:#e46c0a;\ncolor:#ffffff;\ntransition:all 0.4s ease-in-out;\n}\n#top #wrap_all .avia-button.av-jmbvlgkb-e4381a6802a09eb21aa8ccde2016e6a2 .avia-svg-icon svg:first-child{\nfill:#ffffff;\nstroke:#ffffff;\n}\n<\/style>\n<a href='tel:+4921130275603'  class='avia-button av-jmbvlgkb-e4381a6802a09eb21aa8ccde2016e6a2 av-link-btn avia-icon_select-yes-left-icon avia-size-medium avia-position-center'  target=\"_blank\"  rel=\"noopener noreferrer\"  aria-label=\"+49 211 30 275 603\"><span class='avia_button_icon avia_button_icon_left avia-iconfont avia-font-entypo-fontello' data-av_icon='\ue854' data-av_iconfont='entypo-fontello' ><\/span><span class='avia_iconbox_title' >+49 211 30 275 603<\/span><\/a><\/div><br \/>\n<div  class='avia-button-wrap av-jmbvlgkb-00030348fbd32e4512f5f90ebadbbaf2-wrap avia-button-center  avia-builder-el-14  el_after_av_button  avia-builder-el-last '>\n<style type=\"text\/css\" data-created_by=\"avia_inline_auto\" id=\"style-css-av-jmbvlgkb-00030348fbd32e4512f5f90ebadbbaf2\">\n#top #wrap_all .avia-button.av-jmbvlgkb-00030348fbd32e4512f5f90ebadbbaf2{\nbackground-color:#e46c0a;\nborder-color:#e46c0a;\ncolor:#ffffff;\ntransition:all 0.4s ease-in-out;\n}\n#top #wrap_all .avia-button.av-jmbvlgkb-00030348fbd32e4512f5f90ebadbbaf2 .avia-svg-icon svg:first-child{\nfill:#ffffff;\nstroke:#ffffff;\n}\n<\/style>\n<a href='mailto:conference@tulipinnduesseldorfarena.com'  class='avia-button av-jmbvlgkb-00030348fbd32e4512f5f90ebadbbaf2 av-link-btn avia-icon_select-yes-left-icon avia-size-medium avia-position-center'  target=\"_blank\"  rel=\"noopener noreferrer\"  aria-label=\"conference@tulipinnduesseldorfarena.com\"><span class='avia_button_icon avia_button_icon_left avia-iconfont avia-font-entypo-fontello' data-av_icon='\ue805' data-av_iconfont='entypo-fontello' ><\/span><span class='avia_iconbox_title' >conference@tulipinnduesseldorfarena.com<\/span><\/a><\/div><\/p><\/div>\n<section  class='av_textblock_section av-jmbvjbzm-8d493db8f246e14b1c0f3c293ca321f0 '   itemscope=\"itemscope\" itemtype=\"https:\/\/schema.org\/CreativeWork\" ><div class='avia_textblock'  itemprop=\"text\" ><h2>Meetings in the stadium<\/h2>\n<p>With <strong>40 meeting and conference rooms<\/strong> for up to 500 people, we will be happy to advise you on the best way to achieve your goals! From <strong>45 &#8211; 2,100 m\u00b2<\/strong> all event rooms offer daylight &#8211; including Stadium Promenade and Business Club in the arena &#8211; are air-conditioned, supplemented with a certified air purification device on request, and equipped with a choice of chair rows, U-shape, parliamentary seating, fish device, round tables or high tables. Some of the event spaces are boxes, giving you direct access &amp; view into the arena. We see ourselves as a flexible conference hotel and are very experienced in organizing individual events.<\/p>\n<p>The <strong>stadium promenade with 650 m\u00b2<\/strong> is ideal for exhibitions, incentives and extraordinary events.<\/p>\n<\/div><\/section>\n","protected":false},"excerpt":{"rendered":"","protected":false},"author":3,"featured_media":0,"parent":0,"menu_order":0,"comment_status":"closed","ping_status":"closed","template":"","meta":{"footnotes":""},"class_list":["post-4606","page","type-page","status-publish","hentry"],"_links":{"self":[{"href":"https:\/\/tulipinndusarena.com\/en\/wp-json\/wp\/v2\/pages\/4606","targetHints":{"allow":["GET"]}}],"collection":[{"href":"https:\/\/tulipinndusarena.com\/en\/wp-json\/wp\/v2\/pages"}],"about":[{"href":"https:\/\/tulipinndusarena.com\/en\/wp-json\/wp\/v2\/types\/page"}],"author":[{"embeddable":true,"href":"https:\/\/tulipinndusarena.com\/en\/wp-json\/wp\/v2\/users\/3"}],"replies":[{"embeddable":true,"href":"https:\/\/tulipinndusarena.com\/en\/wp-json\/wp\/v2\/comments?post=4606"}],"version-history":[{"count":0,"href":"https:\/\/tulipinndusarena.com\/en\/wp-json\/wp\/v2\/pages\/4606\/revisions"}],"wp:attachment":[{"href":"https:\/\/tulipinndusarena.com\/en\/wp-json\/wp\/v2\/media?parent=4606"}],"curies":[{"name":"wp","href":"https:\/\/api.w.org\/{rel}","templated":true}]}}