{"id":8996,"date":"2024-03-22T14:28:01","date_gmt":"2024-03-22T13:28:01","guid":{"rendered":"https:\/\/tulipinndusarena.com\/incentives-at-tulip-inn\/"},"modified":"2024-03-22T17:03:54","modified_gmt":"2024-03-22T16:03:54","slug":"incentives-at-tulip-inn","status":"publish","type":"page","link":"https:\/\/tulipinndusarena.com\/en\/incentives-at-tulip-inn\/","title":{"rendered":"Incentives at Tulip Inn"},"content":{"rendered":"\n<style type=\"text\/css\" data-created_by=\"avia_inline_auto\" id=\"style-css-av-kmt7patz-d2ed9ca440d06a22f847c2f326d156b3\">\n#top .avia-gallery.av-kmt7patz-d2ed9ca440d06a22f847c2f326d156b3 .avia-gallery-thumb a{\nwidth:50%;\n}\n<\/style>\n<div  class='avia-gallery av-kmt7patz-d2ed9ca440d06a22f847c2f326d156b3 avia_animate_when_visible  avia-builder-el-0  el_before_av_heading  avia-builder-el-first  animations_off avia-gallery-1'  itemprop=\"image\" itemscope=\"itemscope\" itemtype=\"https:\/\/schema.org\/ImageObject\" ><meta itemprop=\"contentURL\" content=\"https:\/\/tulipinndusarena.com\/en\/incentives-at-tulip-inn\/\"><div class='avia-gallery-thumb'><a href=\"https:\/\/tulipinndusarena.com\/wp-content\/uploads\/2020\/08\/XXL-Kicker-auf-der-Stadionterrasse-1030x773.jpg\" data-rel='gallery-1' data-prev-img='https:\/\/tulipinndusarena.com\/wp-content\/uploads\/2020\/08\/XXL-Kicker-auf-der-Stadionterrasse-scaled-e1597141582572-495x400.jpg' class='first_thumb lightbox ' data-onclick='1' title='Incentive Tulip Inn D\u00fcsseldorf Arena'  itemprop=\"thumbnailUrl\"  ><img decoding=\"async\" fetchpriority=\"high\" class=\"wp-image-3854 avia-img-lazy-loading-not-3854\"  data-avia-tooltip='Incentive Tulip Inn D\u00fcsseldorf Arena' src=\"https:\/\/tulipinndusarena.com\/wp-content\/uploads\/2020\/08\/XXL-Kicker-auf-der-Stadionterrasse-scaled-e1597141582572-710x375.jpg\" width=\"710\" height=\"375\"  title='Tulip Inn D\u00fcsseldorf Arena Incentive' alt='Zwei Tischkicker stehen auf einer Loge, links ist das Stadium und rechts eine Glasfassade. ' srcset=\"https:\/\/tulipinndusarena.com\/wp-content\/uploads\/2020\/08\/XXL-Kicker-auf-der-Stadionterrasse-scaled-e1597141582572-710x375.jpg 710w, https:\/\/tulipinndusarena.com\/wp-content\/uploads\/2020\/08\/XXL-Kicker-auf-der-Stadionterrasse-scaled-e1597141582572-800x423.jpg 800w\" sizes=\"(max-width: 710px) 100vw, 710px\" \/><div class='big-prev-fake'><img decoding=\"async\" loading=\"lazy\" class=\"wp-image-3854 avia-img-lazy-loading-3854\"  width=\"495\" height=\"400\" src=\"https:\/\/tulipinndusarena.com\/wp-content\/uploads\/2020\/08\/XXL-Kicker-auf-der-Stadionterrasse-scaled-e1597141582572-495x400.jpg\" title='Tulip Inn D\u00fcsseldorf Arena Incentive' alt='Zwei Tischkicker stehen auf einer Loge, links ist das Stadium und rechts eine Glasfassade. ' \/><\/div><\/a><a href=\"https:\/\/tulipinndusarena.com\/wp-content\/uploads\/2020\/08\/DSC_7350-1030x600.jpg\" data-rel='gallery-1' data-prev-img='https:\/\/tulipinndusarena.com\/wp-content\/uploads\/2020\/08\/DSC_7350-495x400.jpg' class='lightbox ' data-onclick='2' title='Incentive Tulip Inn D\u00fcsseldorf Arena'  itemprop=\"thumbnailUrl\"  ><img decoding=\"async\" fetchpriority=\"high\" class=\"wp-image-3855 avia-img-lazy-loading-not-3855\"  data-avia-tooltip='Incentive Tulip Inn D\u00fcsseldorf Arena' src=\"https:\/\/tulipinndusarena.com\/wp-content\/uploads\/2020\/08\/DSC_7350-710x375.jpg\" width=\"710\" height=\"375\"  title='Tulip Inn D\u00fcsseldorf Arena Incentive' alt='F\u00fcnf Personen in wei\u00dfen Overalls sitzen in selbstgebauten Seifenkisten vor einer Stadiontrib\u00fcne. Die Fahrzeuge sind mit Schildern, Nummern und Dekoration versehen. Links steht eine blaue Fahne mit Logo. Die Gruppe posiert auf einem gepflasterten Bereich neben dem Rasen.' \/><div class='big-prev-fake'><img decoding=\"async\" loading=\"lazy\" class=\"wp-image-3855 avia-img-lazy-loading-3855\"  width=\"495\" height=\"400\" src=\"https:\/\/tulipinndusarena.com\/wp-content\/uploads\/2020\/08\/DSC_7350-495x400.jpg\" title='Tulip Inn D\u00fcsseldorf Arena Incentive' alt='F\u00fcnf Personen in wei\u00dfen Overalls sitzen in selbstgebauten Seifenkisten vor einer Stadiontrib\u00fcne. Die Fahrzeuge sind mit Schildern, Nummern und Dekoration versehen. Links steht eine blaue Fahne mit Logo. Die Gruppe posiert auf einem gepflasterten Bereich neben dem Rasen.' \/><\/div><\/a><\/div><\/div>\n\n<style type=\"text\/css\" data-created_by=\"avia_inline_auto\" id=\"style-css-av-366bra-a9128ed2e13e06a807c83269874ac37e\">\n#top .av-special-heading.av-366bra-a9128ed2e13e06a807c83269874ac37e{\npadding-bottom:10px;\n}\nbody .av-special-heading.av-366bra-a9128ed2e13e06a807c83269874ac37e .av-special-heading-tag .heading-char{\nfont-size:25px;\n}\n.av-special-heading.av-366bra-a9128ed2e13e06a807c83269874ac37e .av-subheading{\nfont-size:15px;\n}\n<\/style>\n<div  class='av-special-heading av-366bra-a9128ed2e13e06a807c83269874ac37e av-special-heading-h1 blockquote modern-quote  avia-builder-el-1  el_after_av_gallery  el_before_av_textblock '><h1 class='av-special-heading-tag '  itemprop=\"headline\"  >Incentives at Tulip Inn<\/h1><div class=\"special-heading-border\"><div class=\"special-heading-inner-border\"><\/div><\/div><\/div>\n<section  class='av_textblock_section av-2omw8z-832fd50b5a235de624a5e6453ce511a9 '   itemscope=\"itemscope\" itemtype=\"https:\/\/schema.org\/CreativeWork\" ><div class='avia_textblock'  itemprop=\"text\" ><p>At our HOTEL im STADION in D\u00fcsseldorf, we offer you and your company comfortable overnight accommodation and also excellent catering. Our stylish location is ideal for all company events &amp; incentives for your employees or colleagues &#8211; or even customers. We are happy to advise you when it comes to employee motivation. Our aim is to prepare the right incentive event. The first step is to define a theme that runs like a common thread through the event. Such an event can ideally be booked as a company trip, as modern rooms await you and your colleagues at the Tulip Inn Hotel and a rich breakfast buffet awaits you every morning &#8211; with direct access and a view of the D\u00fcsseldorf Arena.<\/p>\n<p>We have lots of ideas for your company event to strengthen the sense of togetherness or to celebrate a special occasion. We will be happy to plan this together with you, because the best ideas coming by working together. Our incentive partners will plan and organize your entire incentive event and support you during the implementation.<\/p>\n<p>We offer a wide range of catering options, from breakfast, lunch and dinner buffets to finger food on the sidelines. Or would you prefer something a little more unusual? We can even barbecue for you on our stadium terrace &#8211; or you can barbecue yourself! No matter what time of year &#8211; a BBQ on the Weber grill is always a good idea! Of course, we also cater for vegetarians, vegans and allergy sufferers. We attach particular importance to your individual wishes in the run-up to the planning.<\/p>\n<p>Plan your next incentive at the Tulip Inn Hotel now &#8211; we will make the event a complete success for you. We will be happy to advise you personally and send you a tailor-made offer. The hotel offers you modern &amp; sporty architecture and culinary delights with a great service team, right in the heart of the lifestyle metropolis of D\u00fcsseldorf.<\/p>\n<p>We look forward to being your partner in the planning and implementation of your next incentive here in D\u00fcsseldorf with our event &amp; hotel location. Just send us an email and we will contact you directly!<\/p>\n<p><strong>Here is your direct hotline:<\/strong><\/p>\n<ul>\n<li><strong>0211 30 275 603<\/strong><\/li>\n<li><strong><a href=\"mailto:conference@tulipinnduesseldorfarena.com\">conference@tulipinnduesseldorfarena.com<\/a><\/strong><\/li>\n<\/ul>\n<\/div><\/section>\n\n<style type=\"text\/css\" data-created_by=\"avia_inline_auto\" id=\"style-css-av-kmt7rr5s-1891d94b48d5d07721f0da6a0f3e507c\">\n#top .avia-gallery.av-kmt7rr5s-1891d94b48d5d07721f0da6a0f3e507c .avia-gallery-thumb a{\nwidth:50%;\n}\n<\/style>\n<div  class='avia-gallery av-kmt7rr5s-1891d94b48d5d07721f0da6a0f3e507c avia_animate_when_visible  avia-builder-el-3  el_after_av_textblock  avia-builder-el-last  avia_lazyload avia-gallery-animate avia-gallery-2'  itemprop=\"image\" itemscope=\"itemscope\" itemtype=\"https:\/\/schema.org\/ImageObject\" ><meta itemprop=\"contentURL\" content=\"https:\/\/tulipinndusarena.com\/en\/incentives-at-tulip-inn\/\"><div class='avia-gallery-thumb'><a href=\"https:\/\/tulipinndusarena.com\/wp-content\/uploads\/2020\/09\/@flotreiber-2268-ZZ6_1251-1030x685.jpg\" data-rel='gallery-2' data-prev-img='https:\/\/tulipinndusarena.com\/wp-content\/uploads\/2020\/09\/@flotreiber-2268-ZZ6_1251-495x400.jpg' class='first_thumb lightbox ' data-onclick='1' title='Stadion BBQ Tulip Inn D\u00fcsseldorf Arena'  itemprop=\"thumbnailUrl\"  ><img decoding=\"async\" fetchpriority=\"high\" class=\"wp-image-3914 avia-img-lazy-loading-not-3914\"  data-avia-tooltip='Stadion BBQ Tulip Inn D\u00fcsseldorf Arena' src=\"https:\/\/tulipinndusarena.com\/wp-content\/uploads\/2020\/09\/@flotreiber-2268-ZZ6_1251-495x400.jpg\" width=\"495\" height=\"400\"  title='Tulip Inn D\u00fcsseldorf Arena Events' alt='Blick von einer Loge auf das Spielfeld der MERKUR SPIEL-ARENA. Im Vordergrund eine Grillstation mit Buffet und mehreren Personen, darunter K\u00f6che und G\u00e4ste. Das Stadion ist leer, die Trib\u00fcnen mit bunten Sitzpl\u00e4tzen umgeben das Spielfeld.' \/><div class='big-prev-fake'><img decoding=\"async\" loading=\"lazy\" class=\"wp-image-3914 avia-img-lazy-loading-3914\"  width=\"495\" height=\"400\" src=\"https:\/\/tulipinndusarena.com\/wp-content\/uploads\/2020\/09\/@flotreiber-2268-ZZ6_1251-495x400.jpg\" title='Tulip Inn D\u00fcsseldorf Arena Events' alt='Blick von einer Loge auf das Spielfeld der MERKUR SPIEL-ARENA. Im Vordergrund eine Grillstation mit Buffet und mehreren Personen, darunter K\u00f6che und G\u00e4ste. Das Stadion ist leer, die Trib\u00fcnen mit bunten Sitzpl\u00e4tzen umgeben das Spielfeld.' \/><\/div><\/a><\/div><\/div>\n","protected":false},"excerpt":{"rendered":"","protected":false},"author":2,"featured_media":0,"parent":0,"menu_order":0,"comment_status":"closed","ping_status":"closed","template":"","meta":{"footnotes":""},"class_list":["post-8996","page","type-page","status-publish","hentry"],"_links":{"self":[{"href":"https:\/\/tulipinndusarena.com\/en\/wp-json\/wp\/v2\/pages\/8996","targetHints":{"allow":["GET"]}}],"collection":[{"href":"https:\/\/tulipinndusarena.com\/en\/wp-json\/wp\/v2\/pages"}],"about":[{"href":"https:\/\/tulipinndusarena.com\/en\/wp-json\/wp\/v2\/types\/page"}],"author":[{"embeddable":true,"href":"https:\/\/tulipinndusarena.com\/en\/wp-json\/wp\/v2\/users\/2"}],"replies":[{"embeddable":true,"href":"https:\/\/tulipinndusarena.com\/en\/wp-json\/wp\/v2\/comments?post=8996"}],"version-history":[{"count":0,"href":"https:\/\/tulipinndusarena.com\/en\/wp-json\/wp\/v2\/pages\/8996\/revisions"}],"wp:attachment":[{"href":"https:\/\/tulipinndusarena.com\/en\/wp-json\/wp\/v2\/media?parent=8996"}],"curies":[{"name":"wp","href":"https:\/\/api.w.org\/{rel}","templated":true}]}}